{"id":10,"date":"2016-01-30T10:24:11","date_gmt":"2016-01-30T18:24:11","guid":{"rendered":"http:\/\/192.168.0.16\/overlap\/?page_id=10"},"modified":"2025-05-13T00:16:30","modified_gmt":"2025-05-13T07:16:30","slug":"home-marengo","status":"publish","type":"page","link":"https:\/\/ranchoelmarengo.com\/es\/","title":{"rendered":"Home &#8211; Marengo"},"content":{"rendered":"<section class=\"w-section w-full no-padding\">\r\n<div class=\"row\"><div class=\"col col-12 no-padding\">\r\n    <div class=\"col-inner\"><div class=\"w-revslider\">\r\n    \n\t\t\t<!-- START Marengo Home REVOLUTION SLIDER 6.6.11 --><p class=\"rs-p-wp-fix\"><\/p>\n\t\t\t<rs-module-wrap id=\"rev_slider_1_1_wrapper\" data-source=\"gallery\" style=\"visibility:hidden;background:#111111;padding:0;\">\n\t\t\t\t<rs-module id=\"rev_slider_1_1\" style=\"\" data-version=\"6.6.11\">\n\t\t\t\t\t<rs-slides style=\"overflow: hidden; position: absolute;\">\n\t\t\t\t\t\t<rs-slide style=\"position: absolute;\" data-key=\"rs-4\" data-title=\"Slide\" data-thumb=\"\/\/ranchoelmarengo.com\/wp-content\/uploads\/2016\/01\/valley-100x50.jpg\" data-duration=\"9720\" data-anim=\"adpr:false;\">\n\t\t\t\t\t\t\t<img src=\"\/\/ranchoelmarengo.com\/wp-content\/plugins\/revslider\/public\/assets\/assets\/dummy.png\" alt=\"\" title=\"Home &#8211; Marengo\" class=\"rev-slidebg tp-rs-img rs-lazyload\" data-lazyload=\"\/\/ranchoelmarengo.com\/wp-content\/uploads\/2016\/01\/valley.jpg\" data-parallax=\"10\" data-no-retina>\n<!--\n\t\t\t\t\t\t\t--><rs-layer\n\t\t\t\t\t\t\t\tid=\"slider-1-slide-4-layer-1\" \n\t\t\t\t\t\t\t\tdata-type=\"text\"\n\t\t\t\t\t\t\t\tdata-color=\"rgba(75,62,43,1)\"\n\t\t\t\t\t\t\t\tdata-rsp_ch=\"on\"\n\t\t\t\t\t\t\t\tdata-xy=\"x:c;yo:100px;\"\n\t\t\t\t\t\t\t\tdata-text=\"s:48,48,48,32;l:22;fw:700;\"\n\t\t\t\t\t\t\t\tdata-frame_0=\"tp:600;\"\n\t\t\t\t\t\t\t\tdata-frame_1=\"tp:600;e:power2.inOut;st:750;sp:1450;\"\n\t\t\t\t\t\t\t\tdata-frame_999=\"o:0;tp:600;e:nothing;st:2540;sp:4390;\"\n\t\t\t\t\t\t\t\tstyle=\"z-index:5;font-family:'';\"\n\t\t\t\t\t\t\t>Escondido en Rolling Hills \n\t\t\t\t\t\t\t<\/rs-layer><!--\n\n\t\t\t\t\t\t\t--><rs-layer\n\t\t\t\t\t\t\t\tid=\"slider-1-slide-4-layer-2\" \n\t\t\t\t\t\t\t\tdata-type=\"text\"\n\t\t\t\t\t\t\t\tdata-color=\"rgba(75,62,43,1)\"\n\t\t\t\t\t\t\t\tdata-rsp_ch=\"on\"\n\t\t\t\t\t\t\t\tdata-xy=\"x:c;yo:165px;\"\n\t\t\t\t\t\t\t\tdata-text=\"s:48,48,48,42;l:22;fw:700;\"\n\t\t\t\t\t\t\t\tdata-frame_0=\"tp:600;\"\n\t\t\t\t\t\t\t\tdata-frame_1=\"tp:600;e:power2.inOut;st:2010;sp:1630;\"\n\t\t\t\t\t\t\t\tdata-frame_999=\"o:0;tp:600;e:nothing;st:3750;sp:2710;\"\n\t\t\t\t\t\t\t\tstyle=\"z-index:6;font-family:'';\"\n\t\t\t\t\t\t\t>yace un trozo de \n\t\t\t\t\t\t\t<\/rs-layer><!--\n\n\t\t\t\t\t\t\t--><rs-layer\n\t\t\t\t\t\t\t\tid=\"slider-1-slide-4-layer-4\" \n\t\t\t\t\t\t\t\tdata-type=\"image\"\n\t\t\t\t\t\t\t\tdata-rsp_ch=\"on\"\n\t\t\t\t\t\t\t\tdata-xy=\"x:c;xo:-1px;yo:166px;\"\n\t\t\t\t\t\t\t\tdata-text=\"l:22;\"\n\t\t\t\t\t\t\t\tdata-dim=\"w:['600px','600px','600px','600px'];h:['200px','200px','200px','200px'];\"\n\t\t\t\t\t\t\t\tdata-frame_0=\"tp:600;\"\n\t\t\t\t\t\t\t\tdata-frame_1=\"tp:600;e:power2.inOut;st:3710;sp:1170;\"\n\t\t\t\t\t\t\t\tdata-frame_999=\"o:0;tp:600;e:nothing;st:8160;sp:1140;\"\n\t\t\t\t\t\t\t\tstyle=\"z-index:7;\"\n\t\t\t\t\t\t\t><img src=\"\/\/ranchoelmarengo.com\/wp-content\/plugins\/revslider\/public\/assets\/assets\/dummy.png\" alt=\"Spain\" class=\"tp-rs-img rs-lazyload\" width=\"600\" height=\"200\" data-lazyload=\"\/\/ranchoelmarengo.com\/wp-content\/uploads\/2016\/11\/Spain.png\" data-no-retina> \n\t\t\t\t\t\t\t<\/rs-layer><!--\n\n\t\t\t\t\t\t\t--><rs-layer\n\t\t\t\t\t\t\t\tid=\"slider-1-slide-4-layer-5\" \n\t\t\t\t\t\t\t\tdata-type=\"image\"\n\t\t\t\t\t\t\t\tdata-rsp_ch=\"on\"\n\t\t\t\t\t\t\t\tdata-xy=\"x:c;xo:9px;y:b;yo:39px;\"\n\t\t\t\t\t\t\t\tdata-text=\"l:22;\"\n\t\t\t\t\t\t\t\tdata-dim=\"w:['278px','278px','278px','278px'];h:['306px','306px','306px','306px'];\"\n\t\t\t\t\t\t\t\tdata-frame_0=\"tp:600;\"\n\t\t\t\t\t\t\t\tdata-frame_1=\"tp:600;e:power2.inOut;st:5360;sp:1190;\"\n\t\t\t\t\t\t\t\tdata-frame_999=\"o:0;tp:600;e:nothing;st:8830;sp:850;\"\n\t\t\t\t\t\t\t\tstyle=\"z-index:8;\"\n\t\t\t\t\t\t\t><img src=\"\/\/ranchoelmarengo.com\/wp-content\/plugins\/revslider\/public\/assets\/assets\/dummy.png\" alt=\"Marengo Brand\" class=\"tp-rs-img rs-lazyload\" width=\"450\" height=\"504\" data-lazyload=\"\/\/ranchoelmarengo.com\/wp-content\/uploads\/2016\/11\/MarengoBrandGold.png\" data-no-retina> \n\t\t\t\t\t\t\t<\/rs-layer><!--\n\n\t\t\t\t\t\t\t--><rs-layer\n\t\t\t\t\t\t\t\tid=\"slider-1-slide-4-layer-6\" \n\t\t\t\t\t\t\t\tdata-type=\"image\"\n\t\t\t\t\t\t\t\tdata-rsp_ch=\"on\"\n\t\t\t\t\t\t\t\tdata-xy=\"x:c;xo:5px,5px,5px,6px;y:b;yo:-60px,-60px,-60px,-12px;\"\n\t\t\t\t\t\t\t\tdata-text=\"l:22;\"\n\t\t\t\t\t\t\t\tdata-dim=\"w:684px,684px,684px,405px;h:123px,123px,123px,73px;\"\n\t\t\t\t\t\t\t\tdata-frame_0=\"tp:600;\"\n\t\t\t\t\t\t\t\tdata-frame_1=\"tp:600;e:power2.inOut;st:6300;sp:920;\"\n\t\t\t\t\t\t\t\tdata-frame_999=\"o:0;tp:600;e:nothing;st:9040;sp:620;\"\n\t\t\t\t\t\t\t\tstyle=\"z-index:9;\"\n\t\t\t\t\t\t\t><img src=\"\/\/ranchoelmarengo.com\/wp-content\/plugins\/revslider\/public\/assets\/assets\/dummy.png\" alt=\"\" class=\"tp-rs-img rs-lazyload\" width=\"780\" height=\"140\" data-lazyload=\"\/\/ranchoelmarengo.com\/wp-content\/uploads\/2016\/11\/RanchoGold.png\" data-no-retina> \n\t\t\t\t\t\t\t<\/rs-layer><!--\n-->\t\t\t\t\t\t<\/rs-slide>\n\t\t\t\t\t\t<rs-slide style=\"position: absolute;\" data-key=\"rs-3\" data-title=\"Slide\" data-thumb=\"\/\/ranchoelmarengo.com\/wp-content\/uploads\/2016\/11\/YUN00142-100x50.jpg\" data-anim=\"ms:default,300;r:,0;\" data-in=\"o:0;\" data-alttrans=\"fade\">\n\t\t\t\t\t\t\t<img src=\"\/\/ranchoelmarengo.com\/wp-content\/plugins\/revslider\/public\/assets\/assets\/dummy.png\" alt=\"\" title=\"Home &#8211; Marengo\" class=\"rev-slidebg tp-rs-img rs-lazyload\" data-lazyload=\"\/\/ranchoelmarengo.com\/wp-content\/uploads\/2016\/11\/YUN00142.jpg\" data-parallax=\"10\" data-panzoom=\"d:40000;ss:100;se:120;os:100\/0;oe:110\/0;\" data-no-retina>\n<!--\n\t\t\t\t\t\t\t--><rs-layer\n\t\t\t\t\t\t\t\tid=\"slider-1-slide-3-layer-1\" \n\t\t\t\t\t\t\t\tdata-type=\"image\"\n\t\t\t\t\t\t\t\tdata-rsp_ch=\"on\"\n\t\t\t\t\t\t\t\tdata-xy=\"x:c;xo:9px;y:b;yo:39px;\"\n\t\t\t\t\t\t\t\tdata-text=\"l:22;\"\n\t\t\t\t\t\t\t\tdata-dim=\"w:['278px','278px','278px','278px'];h:['306px','306px','306px','306px'];\"\n\t\t\t\t\t\t\t\tdata-frame_0=\"tp:600;\"\n\t\t\t\t\t\t\t\tdata-frame_1=\"tp:600;e:power2.inOut;st:0;sp:600;\"\n\t\t\t\t\t\t\t\tdata-frame_999=\"o:0;tp:600;e:power2.inOut;st:8300;sp:1000;\"\n\t\t\t\t\t\t\t\tstyle=\"z-index:5;\"\n\t\t\t\t\t\t\t><img src=\"\/\/ranchoelmarengo.com\/wp-content\/plugins\/revslider\/public\/assets\/assets\/dummy.png\" alt=\"Marengo Brand\" class=\"tp-rs-img rs-lazyload\" width=\"450\" height=\"504\" data-lazyload=\"\/\/ranchoelmarengo.com\/wp-content\/uploads\/2016\/11\/MarengoBrandGold.png\" data-no-retina> \n\t\t\t\t\t\t\t<\/rs-layer><!--\n\n\t\t\t\t\t\t\t--><rs-layer\n\t\t\t\t\t\t\t\tid=\"slider-1-slide-3-layer-2\" \n\t\t\t\t\t\t\t\tdata-type=\"image\"\n\t\t\t\t\t\t\t\tdata-rsp_ch=\"on\"\n\t\t\t\t\t\t\t\tdata-xy=\"x:c;xo:5px;y:b;yo:-60px,-60px,-60px,-33px;\"\n\t\t\t\t\t\t\t\tdata-text=\"l:22;\"\n\t\t\t\t\t\t\t\tdata-dim=\"w:684px,684px,684px,405.9512195121951;h:123px,123px,123px,73;\"\n\t\t\t\t\t\t\t\tdata-frame_0=\"tp:600;\"\n\t\t\t\t\t\t\t\tdata-frame_1=\"tp:600;e:power2.inOut;st:30;sp:600;\"\n\t\t\t\t\t\t\t\tdata-frame_999=\"o:0;tp:600;e:nothing;st:9000;\"\n\t\t\t\t\t\t\t\tstyle=\"z-index:6;\"\n\t\t\t\t\t\t\t><img src=\"\/\/ranchoelmarengo.com\/wp-content\/plugins\/revslider\/public\/assets\/assets\/dummy.png\" alt=\"\" class=\"tp-rs-img rs-lazyload\" width=\"780\" height=\"140\" data-lazyload=\"\/\/ranchoelmarengo.com\/wp-content\/uploads\/2016\/11\/RanchoGold.png\" data-no-retina> \n\t\t\t\t\t\t\t<\/rs-layer><!--\n-->\t\t\t\t\t\t<\/rs-slide>\n\t\t\t\t\t\t<rs-slide style=\"position: absolute;\" data-key=\"rs-1\" data-title=\"Slide\" data-thumb=\"\/\/ranchoelmarengo.com\/wp-content\/uploads\/2016\/11\/mares-100x50.jpg\" data-anim=\"ms:default,300;r:,0;\" data-in=\"o:0;\" data-alttrans=\"fade\">\n\t\t\t\t\t\t\t<img src=\"\/\/ranchoelmarengo.com\/wp-content\/plugins\/revslider\/public\/assets\/assets\/dummy.png\" alt=\"\" title=\"Home &#8211; Marengo\" class=\"rev-slidebg tp-rs-img rs-lazyload\" data-lazyload=\"\/\/ranchoelmarengo.com\/wp-content\/uploads\/2016\/11\/mares.jpg\" data-parallax=\"off\" data-no-retina>\n\t\t\t\t\t\t\t<rs-bgvideo \n\t\t\t\t\t\t\t\tdata-video=\"v:0;vc:none;w:100%;h:100%;end:1:39;l:true;ptimer:false;\"\n\t\t\t\t\t\t\t\tdata-vimeoid=\"192182373\"\n\t\t\t\t\t\t\t\tdata-vatr=\"background=1&amp;title=0&amp;byline=0&amp;portrait=0&amp;api=1\"\n\t\t\t\t\t\t\t><\/rs-bgvideo>\n<!---->\t\t\t\t\t\t<\/rs-slide>\n\t\t\t\t\t\t<rs-slide style=\"position: absolute;\" data-key=\"rs-2\" data-title=\"Slide\" data-thumb=\"\/\/ranchoelmarengo.com\/wp-content\/uploads\/2016\/11\/marengo3141-Edit-100x50.jpg\" data-anim=\"adpr:false;\">\n\t\t\t\t\t\t\t<img src=\"\/\/ranchoelmarengo.com\/wp-content\/plugins\/revslider\/public\/assets\/assets\/dummy.png\" alt=\"\" title=\"Home &#8211; Marengo\" class=\"rev-slidebg tp-rs-img rs-lazyload\" data-lazyload=\"\/\/ranchoelmarengo.com\/wp-content\/uploads\/2016\/11\/marengo3141-Edit.jpg\" data-parallax=\"off\" data-panzoom=\"d:30000;ss:100;se:120;os:100\/0;oe:110\/0;\" data-no-retina>\n<!--\n\t\t\t\t\t\t\t--><rs-layer\n\t\t\t\t\t\t\t\tid=\"slider-1-slide-2-layer-8\" \n\t\t\t\t\t\t\t\tdata-type=\"image\"\n\t\t\t\t\t\t\t\tdata-rsp_ch=\"on\"\n\t\t\t\t\t\t\t\tdata-xy=\"x:c;yo:390px;\"\n\t\t\t\t\t\t\t\tdata-text=\"l:22;\"\n\t\t\t\t\t\t\t\tdata-dim=\"w:['346px','346px','346px','346px'];h:['380px','380px','380px','380px'];\"\n\t\t\t\t\t\t\t\tdata-frame_0=\"y:-50px;tp:600;\"\n\t\t\t\t\t\t\t\tdata-frame_1=\"tp:600;e:power2.inOut;st:850;sp:1660;\"\n\t\t\t\t\t\t\t\tdata-frame_999=\"o:0;tp:600;e:nothing;st:9000;\"\n\t\t\t\t\t\t\t\tstyle=\"z-index:5;\"\n\t\t\t\t\t\t\t><img src=\"\/\/ranchoelmarengo.com\/wp-content\/plugins\/revslider\/public\/assets\/assets\/dummy.png\" alt=\"\" class=\"tp-rs-img rs-lazyload\" width=\"450\" height=\"504\" data-lazyload=\"\/\/ranchoelmarengo.com\/wp-content\/uploads\/2016\/11\/MarengoBrandfd1-1.png\" data-no-retina> \n\t\t\t\t\t\t\t<\/rs-layer><!--\n\n\t\t\t\t\t\t\t--><rs-layer\n\t\t\t\t\t\t\t\tid=\"slider-1-slide-2-layer-9\" \n\t\t\t\t\t\t\t\tdata-type=\"image\"\n\t\t\t\t\t\t\t\tdata-rsp_ch=\"on\"\n\t\t\t\t\t\t\t\tdata-xy=\"x:c;xo:-2px;yo:768px;\"\n\t\t\t\t\t\t\t\tdata-text=\"l:22;\"\n\t\t\t\t\t\t\t\tdata-dim=\"w:['785.6981132075472','785.6981132075472','785.6981132075472','785.6981132075472'];h:['141','141','141','141'];\"\n\t\t\t\t\t\t\t\tdata-frame_0=\"tp:600;\"\n\t\t\t\t\t\t\t\tdata-frame_1=\"tp:600;e:power2.inOut;st:2550;sp:1430;\"\n\t\t\t\t\t\t\t\tdata-frame_999=\"o:0;tp:600;e:nothing;st:9000;\"\n\t\t\t\t\t\t\t\tstyle=\"z-index:6;\"\n\t\t\t\t\t\t\t><img src=\"\/\/ranchoelmarengo.com\/wp-content\/plugins\/revslider\/public\/assets\/assets\/dummy.png\" alt=\"\" class=\"tp-rs-img rs-lazyload\" width=\"1796\" height=\"322\" data-lazyload=\"\/\/ranchoelmarengo.com\/wp-content\/uploads\/2016\/11\/Ranchofd.png\" data-no-retina> \n\t\t\t\t\t\t\t<\/rs-layer><!--\n-->\t\t\t\t\t\t<\/rs-slide>\n\t\t\t\t\t<\/rs-slides>\n\t\t\t\t<\/rs-module>\n\t\t\t\t<script>\n\t\t\t\t\tsetREVStartSize({c: 'rev_slider_1_1',rl:[1240,1024,778,480],el:[],gw:[1240,1024,778,480],gh:[868,768,960,720],type:'standard',justify:'',layout:'fullscreen',offsetContainer:'',offset:'',mh:\"0\"});if (window.RS_MODULES!==undefined && window.RS_MODULES.modules!==undefined && window.RS_MODULES.modules[\"revslider11\"]!==undefined) {window.RS_MODULES.modules[\"revslider11\"].once = false;window.revapi1 = undefined;if (window.RS_MODULES.checkMinimal!==undefined) window.RS_MODULES.checkMinimal()}\n\t\t\t\t<\/script>\n\t\t\t<\/rs-module-wrap>\n\t\t\t<!-- END REVOLUTION SLIDER -->\n    <\/div><\/div><\/div><\/div><\/section><section class=\"w-section w-full s-padding w-overlap-box\" style=\"bottom:-0;z-index:50\">\r\n<div class=\"row\"><div class=\"col col-2\">\r\n    <div class=\"col-inner\"><\/div><\/div><div class=\"col col-2\">\r\n    <div class=\"col-inner\"><div class=\"w-space\" style=\"height:70px\"><\/div><div data-animation=\"fadeInDown\" class=\"w-image text-left w-animation\">\n            <img width=\"70\" height=\"70\" src=\"https:\/\/ranchoelmarengo.com\/wp-content\/uploads\/2017\/08\/MarengoBrandGold.png\" class=\"attachment-full size-full\" alt=\"\" decoding=\"async\" loading=\"lazy\" \/>    <\/div>\n<\/div><\/div><div class=\"col col-4 vc_custom_1480492052466\" style=\"z-index:50\">\r\n    <div class=\"col-inner\"><div class=\"w-space\" style=\"height:20px\"><\/div><div class=\"row\">\r\n    <div class=\"col col-12\">\r\n    <div class=\"col-inner\"><div class=\"w-heading heading-2 text-left\">\r\n             \r\n    <h2 class=\"heading-title\">Nuestra promesa<\/h2>         \r\n    <span class=\"subheading\">De nosotros mismos, a la tradici\u00f3n, a ti<\/span>        <\/div><div class=\"w-space\" style=\"height:20px\"><\/div><div class=\"w-text-block\">\n    <p>Rancho El Marengo nunca se propuso convertirse en un \"criador\".<\/p>\n<p>A trav\u00e9s de la pasi\u00f3n, la dedicaci\u00f3n y una visi\u00f3n compartida, hemos conocido a muchos grandes criadores por toda Espa\u00f1a y el mundo.<\/p>\n<p>Con el paso del tiempo y la forja de amistades, surgen las oportunidades. Y con esa confianza, el comienzo de lo que hoy se conoce como Rancho El Marengo.<\/p>\n<p>El acceso de Rancho El Marengo a los mejores caballos PRE del mundo viene con una promesa.<br \/>\nponer siempre el bienestar del caballo en primer lugar; y ser amable, honesto y un embajador de la raza.<\/p>\n<p>\u00a1Estamos muy orgullosos de d\u00f3nde nos ha llevado este sue\u00f1o, esta promesa, y nos encantar\u00eda compartirlo contigo!<\/p>\n<\/div><\/div><\/div><\/div><div class=\"w-space\" style=\"height:20px\"><\/div><\/div><\/div><div class=\"col col-2 w-overlap-box vc_custom_1480492345257\" style=\"top:-80px;z-index:50;background-color:#ffffff\">\r\n    <div class=\"col-inner\"><div class=\"w-space\" style=\"height:20px\"><\/div><div data-animation=\"fadeIn\" class=\"w-image text-center w-animation\">\n            <img width=\"1800\" height=\"1200\" src=\"https:\/\/ranchoelmarengo.com\/wp-content\/uploads\/2023\/03\/A92I4705redes.jpg\" class=\"attachment-full size-full\" alt=\"\" decoding=\"async\" loading=\"lazy\" srcset=\"https:\/\/ranchoelmarengo.com\/wp-content\/uploads\/2023\/03\/A92I4705redes.jpg 1800w, https:\/\/ranchoelmarengo.com\/wp-content\/uploads\/2023\/03\/A92I4705redes-300x200.jpg 300w, https:\/\/ranchoelmarengo.com\/wp-content\/uploads\/2023\/03\/A92I4705redes-1024x683.jpg 1024w, https:\/\/ranchoelmarengo.com\/wp-content\/uploads\/2023\/03\/A92I4705redes-768x512.jpg 768w, https:\/\/ranchoelmarengo.com\/wp-content\/uploads\/2023\/03\/A92I4705redes-1536x1024.jpg 1536w, https:\/\/ranchoelmarengo.com\/wp-content\/uploads\/2023\/03\/A92I4705redes-640x427.jpg 640w, https:\/\/ranchoelmarengo.com\/wp-content\/uploads\/2023\/03\/A92I4705redes-1280x853.jpg 1280w\" sizes=\"(max-width: 1800px) 100vw, 1800px\" \/>    <\/div>\n<\/div><\/div><div class=\"col col-2\">\r\n    <div class=\"col-inner\"><\/div><\/div><\/div><\/section><section class=\"w-section no-padding w-parallax\">\r\n<div class=\"section-background\"><div class=\"bg-wrapper bg-image\" style=\"background-image:url(https:\/\/ranchoelmarengo.com\/wp-content\/uploads\/2019\/10\/marengo-hierro.jpg);background-position:center center\"><\/div><div class=\"bg-overlay\" style=\"background-color:rgba(174,123,34,0.83);opacity:0.1\"><\/div><\/div><div class=\"row\"><div class=\"col col-4 hidden-sm hidden-xs\">\r\n    <div class=\"col-inner\"><\/div><\/div><div class=\"col col-8 w-overlap-box\" style=\"bottom:-100px;z-index:50\">\r\n    <div class=\"col-inner\"><div class=\"row vc_custom_1445753439968\" style=\"background-color:#ffffff\">\r\n    <div class=\"col col-6\">\r\n    <div class=\"col-inner\"><div data-animation=\"fadeInUp\" class=\"w-image text-center w-animation\">\n            <img width=\"1200\" height=\"800\" src=\"https:\/\/ranchoelmarengo.com\/wp-content\/uploads\/2016\/12\/A92I6922redes.jpg\" class=\"attachment-full size-full\" alt=\"\" decoding=\"async\" loading=\"lazy\" srcset=\"https:\/\/ranchoelmarengo.com\/wp-content\/uploads\/2016\/12\/A92I6922redes.jpg 1200w, https:\/\/ranchoelmarengo.com\/wp-content\/uploads\/2016\/12\/A92I6922redes-300x200.jpg 300w, https:\/\/ranchoelmarengo.com\/wp-content\/uploads\/2016\/12\/A92I6922redes-1024x683.jpg 1024w, https:\/\/ranchoelmarengo.com\/wp-content\/uploads\/2016\/12\/A92I6922redes-768x512.jpg 768w, https:\/\/ranchoelmarengo.com\/wp-content\/uploads\/2016\/12\/A92I6922redes-640x427.jpg 640w\" sizes=\"(max-width: 1200px) 100vw, 1200px\" \/>    <\/div>\n<\/div><\/div><div class=\"col col-6 w-overlap-box\" style=\"right:-0;z-index:50\">\r\n    <div class=\"col-inner\"><div class=\"w-heading heading-6 text-left\">\r\n             \r\n    <h2 class=\"heading-title\">Impulsados por la pasi\u00f3n<\/h2>         \r\n    <span class=\"subheading\">El coraz\u00f3n del PRE<\/span>        <\/div><div class=\"w-space\" style=\"height:20px\"><\/div><div class=\"w-text-block\">\n    <p style=\"text-align: justify;\">\u00a1Tenemos pasi\u00f3n por el caballo PRE!<\/p>\n<p style=\"text-align: justify;\">Con esa pasi\u00f3n viene un ojo para la belleza y la perfecci\u00f3n, un deseo de buscar ese caballo perfecto y aprender de los maestros.<\/p>\n<p style=\"text-align: justify;\">Nuestro viaje nos ha llevado a trav\u00e9s del mundo donde hemos tenido la oportunidad de abrazar la tradici\u00f3n, ganando algunos amigos y mentores en el camino.<\/p>\n<p style=\"text-align: justify;\">Estos lazos, construidos sobre la confianza y la visi\u00f3n, han abierto nuevas puertas hacia el oeste, trayendo consigo l\u00edneas de sangre raramente vistas en estas costas.<\/p>\n<\/div><\/div><\/div><\/div><\/div><\/div><\/div><\/section><section class=\"w-section no-padding\">\r\n<div class=\"row\"><div class=\"col col-12 hidden-sm hidden-xs\">\r\n    <div class=\"col-inner\"><div class=\"w-space\" style=\"height:220px\"><\/div><\/div><\/div><\/div><\/section><section class=\"w-section w-full no-padding\">\r\n<div class=\"row w-equal-height w-align-middle w-row-flex\"><div class=\"col col-6 no-padding\">\r\n    <div class=\"col-inner\"><div data-animation=\"fadeInLeft\" class=\"w-image text-center w-animation\">\n            <img width=\"1000\" height=\"667\" src=\"https:\/\/ranchoelmarengo.com\/wp-content\/uploads\/2016\/11\/marengo0208-Edit.jpg\" class=\"attachment-full size-full\" alt=\"\" decoding=\"async\" loading=\"lazy\" srcset=\"https:\/\/ranchoelmarengo.com\/wp-content\/uploads\/2016\/11\/marengo0208-Edit.jpg 1000w, https:\/\/ranchoelmarengo.com\/wp-content\/uploads\/2016\/11\/marengo0208-Edit-300x200.jpg 300w, https:\/\/ranchoelmarengo.com\/wp-content\/uploads\/2016\/11\/marengo0208-Edit-768x512.jpg 768w, https:\/\/ranchoelmarengo.com\/wp-content\/uploads\/2016\/11\/marengo0208-Edit-640x427.jpg 640w\" sizes=\"(max-width: 1000px) 100vw, 1000px\" \/>    <\/div>\n<\/div><\/div><div class=\"col col-6 vc_custom_1445754246192\">\r\n    <div class=\"col-inner\"><div class=\"row\">\r\n    <div class=\"col col-9\">\r\n    <div class=\"col-inner\"><div class=\"w-heading heading-2 text-left\">\r\n             \r\n    <h2 class=\"heading-title\">Rancho El Marengo<\/h2>         \r\n    <span class=\"subheading\">La joya escondida<\/span>        <\/div><div class=\"w-text-block\">\n    <p style=\"text-align: justify;\">Anidado entre los robles de crecimiento antiguo del valle de Temecula se encuentra el mayor tesoro espa\u00f1ol de Norteam\u00e9rica.<\/p>\n<p style=\"text-align: justify;\">Las colinas ondulantes est\u00e1n cubiertas de vi\u00f1edos y vistas expansivas con aire barrido por brisas del oc\u00e9ano. L\u00edneas de sangre raramente vistas en estas costas llaman hogar a este lugar encantador y tranquilo.<\/p>\n<\/div><div class=\"w-space\" style=\"height:30px\"><\/div><a class=\"w-link-button large\" style=\"color:#ffffff;border-color:#000000\" href=\"https:\/\/ranchoelmarengo.com\/es\/horses\/\" title=\"Caballos de Rancho El Marengo\" target=\"_blank\">   \r\n    <span class=\"w-border\" style=\"background-color:#000000\"><\/span>\r\n            <span class=\"w-button-text\">\r\n        Los Caballos de Rancho El Marengo    <\/span>\r\n    <\/a><\/div><\/div><div class=\"col col-3\">\r\n    <div class=\"col-inner\"><\/div><\/div><\/div><\/div><\/div><\/div><\/section><section class=\"w-section w-text-light no-padding\">\r\n<div class=\"row\"><div class=\"col col-12 hidden-sm hidden-xs\">\r\n    <div class=\"col-inner\"><div class=\"w-space\" style=\"height:130px\"><\/div><\/div><\/div><\/div><\/section><section class=\"w-section w-parallax\">\r\n<div class=\"section-background\"><div class=\"bg-wrapper bg-image\" style=\"background-image:url(https:\/\/ranchoelmarengo.com\/wp-content\/uploads\/2016\/11\/mares.jpg);background-position:center center\"><\/div><div class=\"bg-overlay\" style=\"background-color:#000000;opacity:0.3\"><\/div><\/div><div class=\"row\"><div class=\"col col-12 text-center w-overlap-box\" style=\"top:-145px;z-index:50\">\r\n    <div class=\"col-inner\"><div class=\"w-heading heading-4 text-center\">\r\n                    <\/div><div class=\"w-custom-heading\">\n    <h2 style=\"font-size: 58px;color: #ffffff;line-height: 60px;text-align: center;font-family:Playfair Display;font-weight:700;font-style:normal\">    \u00a1Visita Espa\u00f1a, sin Jet Lag!    <\/h2><\/div><div class=\"w-space\" style=\"height:30px\"><\/div><a class=\"w-button large\" style=\"border-color:#000000;background-color:#000000;;color:#ffffff\" href=\"https:\/\/ranchoelmarengo.com\/es\/contact-2\/\" title=\"Contacta con nosotros\">\r\n    <span>Concertar una visita<\/span>\r\n<\/a><\/div><\/div><\/div><\/section><section class=\"w-section no-padding\">\r\n<div class=\"section-background\"><div class=\"bg-wrapper bg-image\" style=\"background-image:url(https:\/\/ranchoelmarengo.com\/wp-content\/uploads\/2016\/01\/valley.jpg);background-size:contain;background-position:center bottom\"><\/div><\/div><div class=\"row\"><div class=\"col col-12 vc_custom_1457065870216\">\r\n    <div class=\"col-inner\"><div class=\"w-space\" style=\"height:5px\"><\/div><div class=\"row\">\r\n    <div class=\"col col-12 text-center\">\r\n    <div class=\"col-inner\"><div class=\"w-heading heading-4 text-center\">\r\n             \r\n    <h2 class=\"heading-title\">Un<\/h2>            <\/div><div class=\"w-custom-heading\">\n    <h4 style=\"font-size: 70px;line-height: 80px;text-align: center;font-family:Playfair Display;font-weight:400;font-style:italic;text-transform:lowercase\">    trozo de    <\/h4><\/div><div class=\"w-custom-heading\">\n    <h2 style=\"font-size: 105px;color: #b47d39;line-height: 105px;text-align: center;font-family:Montserrat;font-weight:700;font-style:normal;text-transform:uppercase\">    ESPA\u00d1A!    <\/h2><\/div><div class=\"w-custom-heading\">\n    <h6 style=\"font-size: 40px;line-height: 60px;text-align: center;font-family:Playfair Display;font-weight:400;font-style:italic;text-transform:lowercase\">    justo en tu propio patio trasero    <\/h6><\/div><div class=\"w-space\" style=\"height:70px\"><\/div><a class=\"w-button large\" style=\"border-color:#b47d39;background-color:#b47d39;;color:#ffffff\" href=\"https:\/\/ranchoelmarengo.com\/es\/contact-2\/\" title=\"Contacta con nosotros\">\r\n    <span>PONERSE EN CONTACTO<\/span>\r\n<\/a><\/div><\/div><\/div><div class=\"w-space\" style=\"height:100px\"><\/div><div class=\"row no-padding\">\r\n    <div class=\"col col-12 hidden-sm hidden-xs no-padding\">\r\n    <div class=\"col-inner\"><div class=\"w-space\" style=\"height:300px\"><\/div><\/div><\/div><\/div><\/div><\/div><\/div><\/section>","protected":false},"excerpt":{"rendered":"Hidden in the rolling hills lies a slice of Our Promise To ourselves, to tradition, to you Rancho El Marengo never set out to become a \"breeder\". Through passion, dedication, and a shared vision, we have met many great breeders throughout Spain and the world. With the passing of time and forging of friendships, opportunities [...]","protected":false},"author":1,"featured_media":7469,"parent":2292,"menu_order":0,"comment_status":"closed","ping_status":"closed","template":"","meta":[],"aioseo_notices":[],"_links":{"self":[{"href":"https:\/\/ranchoelmarengo.com\/es\/wp-json\/wp\/v2\/pages\/10"}],"collection":[{"href":"https:\/\/ranchoelmarengo.com\/es\/wp-json\/wp\/v2\/pages"}],"about":[{"href":"https:\/\/ranchoelmarengo.com\/es\/wp-json\/wp\/v2\/types\/page"}],"author":[{"embeddable":true,"href":"https:\/\/ranchoelmarengo.com\/es\/wp-json\/wp\/v2\/users\/1"}],"replies":[{"embeddable":true,"href":"https:\/\/ranchoelmarengo.com\/es\/wp-json\/wp\/v2\/comments?post=10"}],"version-history":[{"count":3,"href":"https:\/\/ranchoelmarengo.com\/es\/wp-json\/wp\/v2\/pages\/10\/revisions"}],"predecessor-version":[{"id":7396,"href":"https:\/\/ranchoelmarengo.com\/es\/wp-json\/wp\/v2\/pages\/10\/revisions\/7396"}],"up":[{"embeddable":true,"href":"https:\/\/ranchoelmarengo.com\/es\/wp-json\/wp\/v2\/pages\/2292"}],"wp:featuredmedia":[{"embeddable":true,"href":"https:\/\/ranchoelmarengo.com\/es\/wp-json\/wp\/v2\/media\/7469"}],"wp:attachment":[{"href":"https:\/\/ranchoelmarengo.com\/es\/wp-json\/wp\/v2\/media?parent=10"}],"curies":[{"name":"wp","href":"https:\/\/api.w.org\/{rel}","templated":true}]}}