{"id":2292,"date":"2016-01-22T14:16:25","date_gmt":"2016-01-22T14:16:25","guid":{"rendered":"http:\/\/192.168.0.16\/overlap\/?page_id=2292"},"modified":"2019-10-04T14:56:14","modified_gmt":"2019-10-04T21:56:14","slug":"about-2","status":"publish","type":"page","link":"https:\/\/ranchoelmarengo.com\/es\/about-2\/","title":{"rendered":"Sobre nosotros"},"content":{"rendered":"<section class=\"w-section vc_custom_1450857573067\">\r\n<div class=\"row\"><div class=\"col col-6\">\r\n    <div class=\"col-inner\"><div class=\"w-image text-left\">\n            <img width=\"2000\" height=\"1457\" src=\"https:\/\/ranchoelmarengo.com\/wp-content\/uploads\/2016\/11\/marengo3141-Edit.jpg\" class=\"attachment-full size-full\" alt=\"Toledano XXXV\" decoding=\"async\" loading=\"lazy\" srcset=\"https:\/\/ranchoelmarengo.com\/wp-content\/uploads\/2016\/11\/marengo3141-Edit.jpg 2000w, https:\/\/ranchoelmarengo.com\/wp-content\/uploads\/2016\/11\/marengo3141-Edit-300x219.jpg 300w, https:\/\/ranchoelmarengo.com\/wp-content\/uploads\/2016\/11\/marengo3141-Edit-768x559.jpg 768w, https:\/\/ranchoelmarengo.com\/wp-content\/uploads\/2016\/11\/marengo3141-Edit-1024x746.jpg 1024w, https:\/\/ranchoelmarengo.com\/wp-content\/uploads\/2016\/11\/marengo3141-Edit-640x466.jpg 640w, https:\/\/ranchoelmarengo.com\/wp-content\/uploads\/2016\/11\/marengo3141-Edit-1280x932.jpg 1280w\" sizes=\"(max-width: 2000px) 100vw, 2000px\" \/>    <\/div>\n<\/div><\/div><div class=\"col col-6 w-overlap-box\" style=\"left:-0;z-index:50\">\r\n    <div class=\"col-inner\"><div class=\"w-heading heading-1 text-left\">\r\n         \r\n    <span class=\"subheading\">Solo lo MEJOR<\/span>         \r\n    <h2 class=\"heading-title\">Campe\u00f3n linajes<\/h2>            <\/div><div class=\"w-space\" style=\"height:30px\"><\/div><div class=\"w-text-block\">\n    <p>Viajamos a Espa\u00f1a y buscamos solo las mejores l\u00edneas de sangre que podemos encontrar (Yeguada, Militar y Hierro del Bocado). Criamos caballos que est\u00e1n destinados a convertirse en verdaderas leyendas vivientes y almas gemelas. Podemos criar caballos de todas las capas de colores de caballos andaluces.<\/p>\n<p>Cruzamos caballos andaluces para obtener las mejores caracter\u00edsticas de cada uno. Combinamos temperamento, conformaci\u00f3n, belleza y movimiento para obtener la combinaci\u00f3n perfecta.<\/p>\n<\/div><div class=\"w-space\" style=\"height:30px\"><\/div><div class=\"row w-overlap-box vc_custom_1450855024941\" style=\"left:-100px;z-index:100;background-color:#ffffff\">\r\n    <div class=\"col col-12\">\r\n    <div class=\"col-inner\"><div class=\"w-heading heading-2 text-left\">\r\n             \r\n    <h2 class=\"heading-title\">Selecci\u00f3n<\/h2>         \r\n    <span class=\"subheading\">lo que buscamos<\/span>        <\/div><div class=\"w-space\" style=\"height:40px\"><\/div><div class=\"w-progress-bar\" data-value=\"95\" data-unit=\"%\">\n    <h4>\n        Temperamento                <strong class=\"w-counter\">0 %<\/strong>\n            <\/h4>\n    <div class=\"w-bar-wrapper\">\n        <div class=\"w-bar\" style=\"background-color:#b9a06f\"><\/div>\n    <\/div>\n<\/div><div class=\"w-progress-bar\" data-value=\"100\" data-unit=\"%\">\n    <h4>\n        Conformaci\u00f3n                <strong class=\"w-counter\">0 %<\/strong>\n            <\/h4>\n    <div class=\"w-bar-wrapper\">\n        <div class=\"w-bar\" style=\"background-color:#b9a06f\"><\/div>\n    <\/div>\n<\/div><div class=\"w-progress-bar\" data-value=\"95\" data-unit=\"%\">\n    <h4>\n        Movimiento                <strong class=\"w-counter\">0 %<\/strong>\n            <\/h4>\n    <div class=\"w-bar-wrapper\">\n        <div class=\"w-bar\" style=\"background-color:#b9a06f\"><\/div>\n    <\/div>\n<\/div><div class=\"w-progress-bar\" data-value=\"87\" data-unit=\"%\">\n    <h4>\n        Personalidad                <strong class=\"w-counter\">0 %<\/strong>\n            <\/h4>\n    <div class=\"w-bar-wrapper\">\n        <div class=\"w-bar\" style=\"background-color:#b9a06f\"><\/div>\n    <\/div>\n<\/div><div class=\"w-progress-bar\" data-value=\"85\" data-unit=\"%\">\n    <h4>\n        Atletismo                <strong class=\"w-counter\">0 %<\/strong>\n            <\/h4>\n    <div class=\"w-bar-wrapper\">\n        <div class=\"w-bar\" style=\"background-color:#b9a06f\"><\/div>\n    <\/div>\n<\/div><div class=\"w-progress-bar\" data-value=\"82\" data-unit=\"%\">\n    <h4>\n        Linajes de sangre                <strong class=\"w-counter\">0 %<\/strong>\n            <\/h4>\n    <div class=\"w-bar-wrapper\">\n        <div class=\"w-bar\" style=\"background-color:#b9a06f\"><\/div>\n    <\/div>\n<\/div><\/div><\/div><\/div><\/div><\/div><\/div><\/section><section class=\"w-section no-padding\">\r\n<div class=\"row\"><div class=\"col col-6 hidden-md hidden-sm hidden-xs\">\r\n    <div class=\"col-inner\"><div class=\"w-space\" style=\"height:50px\"><\/div><\/div><\/div><div class=\"col col-6\">\r\n    <div class=\"col-inner\"><\/div><\/div><\/div><\/section><section class=\"w-section w-text-light xl-padding w-parallax\">\r\n<div class=\"section-background\"><div class=\"bg-wrapper bg-image\" style=\"background-image:url(https:\/\/ranchoelmarengo.com\/wp-content\/uploads\/2016\/01\/marengo2593.jpg);background-position:center center\"><\/div><\/div><div class=\"row\"><div class=\"col col-12\">\r\n    <div class=\"col-inner\"><div class=\"w-space\" style=\"height:50px\"><\/div><div class=\"row w-text-light\">\r\n    <div class=\"col col-12\">\r\n    <div class=\"col-inner\"><div data-animation=\"fadeIn\" class=\"w-heading heading-2 text-center w-animation\">\r\n             \r\n    <h2 class=\"heading-title\" style=\"color:#ffffff\">Cr\u00eda<\/h2>         \r\n    <span class=\"subheading\">Creaci\u00f3n de campeones<\/span>        <\/div><div class=\"w-space\" style=\"height:30px\"><\/div><\/div><\/div><\/div><div class=\"w-space\" style=\"height:50px\"><\/div><\/div><\/div><\/div><\/section><section class=\"w-section w-full vc_custom_1480495336637\">\r\n<div class=\"row\"><div class=\"col col-12 vc_custom_1450867366075\">\r\n    <div class=\"col-inner\"><div class=\"row\">\r\n    <div class=\"col col-12 hidden-lg\">\r\n    <div class=\"col-inner\"><div class=\"w-space\" style=\"height:50px\"><\/div><\/div><\/div><\/div><div class=\"row no-padding\">\r\n    <div class=\"col col-12 w-overlap-box\" style=\"top:-80px;z-index:100\">\r\n    <div class=\"col-inner\"><div class=\"w-heading heading-4 text-center\">\r\n             \r\n    <h2 class=\"heading-title\">Conformaci\u00f3n - Movimientos - Color<\/h2>            <\/div><div class=\"w-space\" style=\"height:30px\"><\/div><\/div><\/div><\/div><div class=\"row w-equal-height w-align-middle w-row-flex\">\r\n    <div class=\"col col-12 col-lg-4 col-md-12 text-right w-overlap-box\" style=\"right:-30;z-index:100\">\r\n    <div class=\"col-inner\"><div class=\"w-space\" style=\"height:70px\"><\/div><div class=\"w-heading heading-6 text-right\">\r\n             \r\n    <h2 class=\"heading-title\">CABEZA<\/h2>         \r\n    <span class=\"subheading\">Las cabezas deben tener una longitud media, estar bien proporcionadas, con un ligero perfil convexo (subconvexo).<\/span>        <\/div><div class=\"w-text-block\">\n    <p>A principios del siglo XX, un perfil recto tambi\u00e9n se hizo aceptable. Los perfiles c\u00f3ncavos y fuertemente convexos son indeseables. Los p\u00f3mulos deben estar bien desarrollados, con una piel fina y flexible que los cubra, con un hueso nasal estriado que se estrecha hasta un hocico proporcionalmente peque\u00f1o.<\/p>\n<\/div><div class=\"w-space\" style=\"height:50px\"><\/div><div class=\"w-heading heading-6 text-right\">\r\n             \r\n    <h2 class=\"heading-title\">CUELLO<\/h2>         \r\n    <span class=\"subheading\">El cuello debe ser alto y arqueado, flexible y levantado, capaz de llevar la cabeza vertical de manera completamente c\u00f3moda y natural.<\/span>        <\/div><div class=\"w-text-block\">\n    <p>Deber\u00eda estar colocado alto sobre el hombro y terminar en una sutil curva hacia arriba antes de las cruz. El cuello debe ser elegante y musculoso, ni recto y sin forma ni demasiado corto y grueso. El contorno inferior del cuello no debe ser convexo y debe surgir desde la parte superior del pecho del caballo, no desde el centro o la parte inferior. La cresta no debe moverse en exceso cuando el caballo se mueve. El corte de garganta debe ser limpio y no debe ser carnoso ni grueso.<\/p>\n<\/div><div class=\"w-space\" style=\"height:48px\"><\/div><div class=\"w-heading heading-6 text-right\">\r\n             \r\n    <h2 class=\"heading-title\">PECHO<\/h2>         \r\n    <span class=\"subheading\">El pecho debe ser amplio y profundo, de anchura media, con costillas largas y bien arqueadas. La anchura excesiva o la estrechez son indeseables.<\/span>        <\/div><div class=\"w-text-block\">\n    <p>Cuando se ve desde el frente, las patas delanteras deber\u00edan elevarse hacia el pecho para formar un \"arco\", recordando a un arco de catedral.<\/p>\n<\/div><div class=\"w-space\" style=\"height:50px\"><\/div><div class=\"w-heading heading-6 text-right\">\r\n             \r\n    <h2 class=\"heading-title\">MOVIMIENTO<\/h2>         \r\n    <span class=\"subheading\">El movimiento siempre debe ser expresivo, elevado y r\u00edtmico, con una flexi\u00f3n y articulaci\u00f3n distintiva en las articulaciones. Los caballos Cartujanos muestran m\u00e1s suspensi\u00f3n y acci\u00f3n que otras l\u00edneas de sangre, que en cambio pueden ofrecer m\u00e1s en cuanto a extensiones de paso.<\/span>        <\/div><div class=\"w-space\" style=\"height:50px\"><\/div><div class=\"w-heading heading-6 text-right\">\r\n             \r\n    <h2 class=\"heading-title\">TEMPERAMENTO<\/h2>         \r\n    <span class=\"subheading\">Los caballos Andaluces, hist\u00f3ricamente utilizados en corridas de toros, deben ser obedientes, valientes, inteligentes y sensibles.<\/span>        <\/div><div class=\"w-text-block\">\n    <p>Son aprendices r\u00e1pidos y responden bien al entrenamiento avanzado y a situaciones dif\u00edciles cuando se les trata con respeto y amabilidad. \u00c1giles y receptivos, los andaluces son vers\u00e1tiles y pueden adaptarse bien a la mayor\u00eda de las disciplinas modernas. Los andaluces son una de las pocas razas consistentemente capaces de la concentraci\u00f3n y determinaci\u00f3n requerida en los \"aires sobre el suelo\".<\/p>\n<\/div><\/div><\/div><div class=\"col col-12 col-lg-4 col-md-12\">\r\n    <div class=\"col-inner\"><div class=\"w-image text-center\">\n            <img width=\"800\" height=\"1129\" src=\"https:\/\/ranchoelmarengo.com\/wp-content\/uploads\/2016\/01\/marengo0496-Edit.jpg\" class=\"attachment-full size-full\" alt=\"Selecting an Andalusian Stallion\" decoding=\"async\" loading=\"lazy\" srcset=\"https:\/\/ranchoelmarengo.com\/wp-content\/uploads\/2016\/01\/marengo0496-Edit.jpg 800w, https:\/\/ranchoelmarengo.com\/wp-content\/uploads\/2016\/01\/marengo0496-Edit-213x300.jpg 213w, https:\/\/ranchoelmarengo.com\/wp-content\/uploads\/2016\/01\/marengo0496-Edit-768x1084.jpg 768w, https:\/\/ranchoelmarengo.com\/wp-content\/uploads\/2016\/01\/marengo0496-Edit-726x1024.jpg 726w, https:\/\/ranchoelmarengo.com\/wp-content\/uploads\/2016\/01\/marengo0496-Edit-640x903.jpg 640w\" sizes=\"(max-width: 800px) 100vw, 800px\" \/>    <\/div>\n<div data-animation=\"fadeIn\" class=\"w-text-block w-animation\">\n    <p style=\"text-align: center;\"><a href=\"http:\/\/www.andalusianworld.com\" target=\"_blank\" rel=\"noopener\"><span style=\"color: #999999;\">Conformation Guidelines, cortes\u00eda de AndalusianWorld.<\/span><\/a><\/p>\n<\/div><div class=\"w-space\" style=\"height:100px\"><\/div><\/div><\/div><div class=\"col col-12 col-lg-4 col-md-12\">\r\n    <div class=\"col-inner\"><div class=\"w-space\" style=\"height:70px\"><\/div><div class=\"w-heading heading-6 text-left\">\r\n             \r\n    <h2 class=\"heading-title\">EN GENERAL<\/h2>         \r\n    <span class=\"subheading\">Cuadrado en su estructura general, con una espalda corta, patas largas y cuello y cuartos traseros poderosos. Una cabeza hermosa y un cuello elegantemente arqueado definen la raza.<\/span>        <\/div><div class=\"w-text-block\">\n    <p>La conformaci\u00f3n general del caballo Andaluz se presta a animales fuertes, \u00e1giles y atl\u00e9ticos que son excepcionalmente c\u00f3modos para montar. Con un peso promedio de 1100 libras, o 500 kg.<\/p>\n<p><b>ESPALDA<\/b> - La espalda debe ser corta, especialmente en los machos. Debe ser musculosa y cercana a recta. El lomo tambi\u00e9n debe ser corto y poderoso.<\/p>\n<\/div><div class=\"w-space\" style=\"height:50px\"><\/div><div class=\"w-heading heading-6 text-left\">\r\n             \r\n    <h2 class=\"heading-title\">CUARTOS TRASEROS<\/h2>         \r\n    <span class=\"subheading\">Los cuartos traseros deben ser redondeados y muy poderosos, con un \u00e1ngulo agudo en la rodilla y una grupa corta y redonda.<\/span>        <\/div><div class=\"w-text-block\">\n    <p>La cola debe estar ubicada baja y en l\u00ednea con las nalgas, y no debe ser levantada ni alejada del cuerpo, excepto en ocasiones raras de gran excitaci\u00f3n. La longitud y el peso de la cabeza y el cuello deben ser directamente proporcionales al tama\u00f1o de los cuartos traseros.<\/p>\n<\/div><div class=\"w-space\" style=\"height:50px\"><\/div><div class=\"w-heading heading-6 text-left\">\r\n             \r\n    <h2 class=\"heading-title\">PIERNAS<\/h2>         \r\n    <span class=\"subheading\">Tanto las patas delanteras como las traseras deben ser proporcionalmente largas en comparaci\u00f3n con la longitud total del cuerpo del caballo. Los huesos de las patas excesivamente ligeros o pesados son indeseables. Los cascos deben tener una longitud media y no deben ser excesivamente verticales como en un caballo de tiro o inclinados hacia atr\u00e1s como en un purasangre. La piel debe ser delgada y ajustada contra los huesos y tendones de las patas.<\/span>        <\/div><div class=\"w-text-block\">\n    <p><b>PATAS DELANTERAS <\/b>- Las patas delanteras deben estar bien colocadas hacia atr\u00e1s desde el pecho y el hombro, con un \u00e1ngulo estrecho entre la esc\u00e1pula y el h\u00famero. El antebrazo debe ser poderoso y delgado, y los huesos del ca\u00f1\u00f3n deben ser largos. Las rodillas deben ser planas, anchas y lisas. No debe haber plumas en las patas ni en los cascos.<\/p>\n<p><b>PATAS TRASERAS<\/b> - La pantorrilla debe ser muscular y el corvej\u00f3n fuerte y bien desarrollado. Los menudillos deben ser delgados y prominentes. Las patas traseras deben estar paralelas entre s\u00ed y no deben tener corvejones en forma de hoz o estar desviadas hacia afuera.<\/p>\n<p><b>CASCOS<\/b> - Los cascos deben ser amplios en la base, de tama\u00f1o mediano, m\u00e1s anchos que altos, bien formados y de una dureza superior.<\/p>\n<\/div><\/div><\/div><\/div><div class=\"row no-padding w-overlap-box\" style=\"top:-50px\">\r\n    <div class=\"col col-12 w-overlap-box\" style=\"top:-100px;z-index:100\">\r\n    <div class=\"col-inner\"><div class=\"w-heading heading-4 text-center\">\r\n             \r\n    <h2 class=\"heading-title\">Campeones<\/h2>            <\/div><\/div><\/div><\/div><\/div><\/div><\/div><\/section>","protected":false},"excerpt":{"rendered":"Only the BEST Champion Bloodlines We travel to Spain and seek out only the best bloodlines we can find (Yeguada, Militar and Hierro del Bocado). We breed horses that are destined to become true living legends and soul mates. We can breed all Andalusian horse coat colors. We cross breed Andalusians to get the best [...]","protected":false},"author":1,"featured_media":0,"parent":0,"menu_order":0,"comment_status":"closed","ping_status":"closed","template":"","meta":[],"aioseo_notices":[],"_links":{"self":[{"href":"https:\/\/ranchoelmarengo.com\/es\/wp-json\/wp\/v2\/pages\/2292"}],"collection":[{"href":"https:\/\/ranchoelmarengo.com\/es\/wp-json\/wp\/v2\/pages"}],"about":[{"href":"https:\/\/ranchoelmarengo.com\/es\/wp-json\/wp\/v2\/types\/page"}],"author":[{"embeddable":true,"href":"https:\/\/ranchoelmarengo.com\/es\/wp-json\/wp\/v2\/users\/1"}],"replies":[{"embeddable":true,"href":"https:\/\/ranchoelmarengo.com\/es\/wp-json\/wp\/v2\/comments?post=2292"}],"version-history":[{"count":2,"href":"https:\/\/ranchoelmarengo.com\/es\/wp-json\/wp\/v2\/pages\/2292\/revisions"}],"predecessor-version":[{"id":7397,"href":"https:\/\/ranchoelmarengo.com\/es\/wp-json\/wp\/v2\/pages\/2292\/revisions\/7397"}],"wp:attachment":[{"href":"https:\/\/ranchoelmarengo.com\/es\/wp-json\/wp\/v2\/media?parent=2292"}],"curies":[{"name":"wp","href":"https:\/\/api.w.org\/{rel}","templated":true}]}}